{"id":17,"date":"2013-01-25T18:24:04","date_gmt":"2013-01-25T21:24:04","guid":{"rendered":"http:\/\/anunciato.com\/blog\/?page_id=17"},"modified":"2015-08-16T11:54:11","modified_gmt":"2015-08-16T14:54:11","slug":"alexanunciato","status":"publish","type":"page","link":"http:\/\/anunciato.com\/blog\/","title":{"rendered":"Alex Anunciato"},"content":{"rendered":"<figure id=\"attachment_599\" aria-describedby=\"caption-attachment-599\" style=\"width: 400px\" class=\"wp-caption alignleft\"><a href=\"http:\/\/anunciato.com\/blog\/wp-content\/uploads\/2013\/01\/anunciato_glass.jpeg\"><img decoding=\"async\" loading=\"lazy\" class=\"size-full wp-image-599\" src=\"http:\/\/anunciato.com\/blog\/wp-content\/uploads\/2013\/01\/anunciato_glass.jpeg\" alt=\"Alex Anunciato\" width=\"400\" height=\"400\" srcset=\"http:\/\/anunciato.com\/blog\/wp-content\/uploads\/2013\/01\/anunciato_glass.jpeg 400w, http:\/\/anunciato.com\/blog\/wp-content\/uploads\/2013\/01\/anunciato_glass-150x150.jpeg 150w, http:\/\/anunciato.com\/blog\/wp-content\/uploads\/2013\/01\/anunciato_glass-300x300.jpeg 300w\" sizes=\"(max-width: 400px) 100vw, 400px\" \/><\/a><figcaption id=\"caption-attachment-599\" class=\"wp-caption-text\">Alex Anunciato<\/figcaption><\/figure>\n<p>UX \/ Information Architect, Senior Planner, Branded Content &amp; <a href=\"http:\/\/www.facebook.com\/transmediastorytelling\">Transmedia Storytelling Strategist<\/a>.<br \/>\nSenior Copywriter, Digital &amp; Social Media Consultant.<\/p>\n<p>Com passagens por ag\u00eancias como <a href=\"http:\/\/www.jwt.com.br\/\">JWT<\/a>,\u00a0 <a href=\"http:\/\/www.publicismodem.com\">Modem Media<\/a> do Brasil, <a href=\"http:\/\/www.Chleba.net\">Chleba<\/a>, <a href=\"http:\/\/www.enken.com.br\">Enken<\/a>, <a href=\"http:\/\/www.inpresspni.com.br\">Inpress Porter Novelli<\/a> e atendendo a empresas e organiza\u00e7\u00f5es como Nestl\u00e9, IBM, HSBC, HSBC Premier, Kraft Foods, Citizen, APAE de S\u00e3o Paulo, Gafisa, SENAC SP, EDP, Novartis, Petrobras, dentre diversas outras.<\/p>\n<p><strong>\u00c1reas de Interesse<\/strong>: Strategic Planning,\u00a0Storytelling,\u00a0Branding,\u00a0<a href=\"http:\/\/www.facebook.com\/transmediastorytelling\">Transmedia Storytelling<\/a>, Branded Content, Arquitetura de Informa\u00e7\u00e3o, Intelig\u00eancia Competitiva, Social Media,\u00a0<a href=\"http:\/\/pt.wikipedia.org\/wiki\/Joseph_Campbell\">Mitologia Comparada<\/a>, <a href=\"http:\/\/en.wikipedia.org\/wiki\/Robert_McKee\">A Arte de Contar Est\u00f3rias<\/a>, <a href=\"http:\/\/pt.wikipedia.org\/wiki\/Ken_Wilber\">Teoria Integral<\/a>.<\/p>\n<p>Adicione:\u00a0<a href=\"http:\/\/www.linkedin.com\/in\/alexanunciato\" target=\"_blank\">LinkedIn<\/a> | <a href=\"http:\/\/www.facebook.com\/anunciato\" target=\"_blank\">Facebook<\/a> | <a href=\"http:\/\/www.twitter.com\/anunciato\" target=\"_blank\">Twitter<\/a>\u00a0| <a href=\"https:\/\/plus.google.com\/+AlexAnunciato\/posts\" target=\"_blank\">Google+<\/a>\u00a0| [anunciato @ gmail.com]<\/p>\n<div class=\"linkwithin_hook\" id=\"http:\/\/anunciato.com\/blog\/\"><\/div><script>\n<!-- \/\/LinkWithinCodeStart\nvar linkwithin_site_id = 2310397;\nvar linkwithin_div_class = \"linkwithin_hook\";\n\/\/LinkWithinCodeEnd -->\n<\/script>\n<script src=\"http:\/\/www.linkwithin.com\/widget.js\"><\/script>\n<a href=\"http:\/\/www.linkwithin.com\/\"><img src=\"http:\/\/www.linkwithin.com\/pixel.png\" alt=\"Related Posts Plugin for WordPress, Blogger...\" style=\"border: 0\" \/><\/a>","protected":false},"excerpt":{"rendered":"<p>UX \/ Information Architect, Senior Planner, Branded Content &amp; Transmedia Storytelling Strategist. Senior Copywriter, Digital &amp; Social Media Consultant. Com passagens por ag\u00eancias como JWT,\u00a0 Modem Media do Brasil, Chleba, Enken, Inpress Porter Novelli e atendendo a empresas e organiza\u00e7\u00f5es&hellip;<\/p>\n<script>\n<!-- \/\/LinkWithinCodeStart\nvar linkwithin_site_id = 2310397;\nvar linkwithin_div_class = \"linkwithin_hook\";\n\/\/LinkWithinCodeEnd -->\n<\/script>\n<script src=\"http:\/\/www.linkwithin.com\/widget.js\"><\/script>\n<a href=\"http:\/\/www.linkwithin.com\/\"><img src=\"http:\/\/www.linkwithin.com\/pixel.png\" alt=\"Related Posts Plugin for WordPress, Blogger...\" style=\"border: 0\" \/><\/a>","protected":false},"author":3,"featured_media":0,"parent":0,"menu_order":0,"comment_status":"open","ping_status":"open","template":"","meta":[],"_links":{"self":[{"href":"http:\/\/anunciato.com\/blog\/wp-json\/wp\/v2\/pages\/17"}],"collection":[{"href":"http:\/\/anunciato.com\/blog\/wp-json\/wp\/v2\/pages"}],"about":[{"href":"http:\/\/anunciato.com\/blog\/wp-json\/wp\/v2\/types\/page"}],"author":[{"embeddable":true,"href":"http:\/\/anunciato.com\/blog\/wp-json\/wp\/v2\/users\/3"}],"replies":[{"embeddable":true,"href":"http:\/\/anunciato.com\/blog\/wp-json\/wp\/v2\/comments?post=17"}],"version-history":[{"count":17,"href":"http:\/\/anunciato.com\/blog\/wp-json\/wp\/v2\/pages\/17\/revisions"}],"predecessor-version":[{"id":603,"href":"http:\/\/anunciato.com\/blog\/wp-json\/wp\/v2\/pages\/17\/revisions\/603"}],"wp:attachment":[{"href":"http:\/\/anunciato.com\/blog\/wp-json\/wp\/v2\/media?parent=17"}],"curies":[{"name":"wp","href":"https:\/\/api.w.org\/{rel}","templated":true}]}}